{"id":449,"date":"2026-04-10T10:26:38","date_gmt":"2026-04-10T10:26:38","guid":{"rendered":"https:\/\/lea.oblasser.pages.hak-schwaz.at\/?post_type=product&#038;p=449"},"modified":"2026-04-10T10:26:39","modified_gmt":"2026-04-10T10:26:39","slug":"magnesium-block-fur-turnen","status":"publish","type":"product","link":"https:\/\/lea.oblasser.pages.hak-schwaz.at\/?product=magnesium-block-fur-turnen","title":{"rendered":"Magnesium Block f\u00fcr Turnen"},"content":{"rendered":"<p data-start=\"2297\" data-end=\"2381\">Magnesium sorgt f\u00fcr besseren Halt beim Turnen und reduziert Schwei\u00df an den H\u00e4nden.<\/p>\n<p data-start=\"2386\" data-end=\"2472\">Ideal f\u00fcr Stufenbarren, Reck oder andere Ger\u00e4te. Perfekt f\u00fcr Training und Wettkampf.<\/p>\n<p data-start=\"2477\" data-end=\"2491\"><strong data-start=\"2477\" data-end=\"2489\">Details:<\/strong><\/p>\n<ul data-start=\"2494\" data-end=\"2611\">\n<li data-section-id=\"1cl9s4u\" data-start=\"2494\" data-end=\"2517\">Verbessert den Grip<\/li>\n<li data-section-id=\"qbw2tm\" data-start=\"2520\" data-end=\"2546\">Reduziert Feuchtigkeit<\/li>\n<li data-section-id=\"x7gu5x\" data-start=\"2549\" data-end=\"2571\">Einfach anzuwenden<\/li>\n<li data-section-id=\"799dd1\" data-start=\"2574\" data-end=\"2611\">F\u00fcr alle Leistungsstufen geeignet<\/li>\n<\/ul>\n","protected":false},"excerpt":{"rendered":"<p>Magnesiumblock f\u00fcr optimalen Grip beim Turnen.<\/p>\n","protected":false},"featured_media":450,"comment_status":"open","ping_status":"closed","template":"","meta":[],"product_brand":[],"product_cat":[23],"product_tag":[29,28,24],"class_list":{"0":"post-449","1":"product","2":"type-product","3":"status-publish","4":"has-post-thumbnail","6":"product_cat-uncategorized","7":"product_tag-grip","8":"product_tag-magnesium","9":"product_tag-turnen","11":"first","12":"instock","13":"shipping-taxable","14":"purchasable","15":"product-type-simple"},"_links":{"self":[{"href":"https:\/\/lea.oblasser.pages.hak-schwaz.at\/index.php?rest_route=\/wp\/v2\/product\/449","targetHints":{"allow":["GET"]}}],"collection":[{"href":"https:\/\/lea.oblasser.pages.hak-schwaz.at\/index.php?rest_route=\/wp\/v2\/product"}],"about":[{"href":"https:\/\/lea.oblasser.pages.hak-schwaz.at\/index.php?rest_route=\/wp\/v2\/types\/product"}],"replies":[{"embeddable":true,"href":"https:\/\/lea.oblasser.pages.hak-schwaz.at\/index.php?rest_route=%2Fwp%2Fv2%2Fcomments&post=449"}],"wp:featuredmedia":[{"embeddable":true,"href":"https:\/\/lea.oblasser.pages.hak-schwaz.at\/index.php?rest_route=\/wp\/v2\/media\/450"}],"wp:attachment":[{"href":"https:\/\/lea.oblasser.pages.hak-schwaz.at\/index.php?rest_route=%2Fwp%2Fv2%2Fmedia&parent=449"}],"wp:term":[{"taxonomy":"product_brand","embeddable":true,"href":"https:\/\/lea.oblasser.pages.hak-schwaz.at\/index.php?rest_route=%2Fwp%2Fv2%2Fproduct_brand&post=449"},{"taxonomy":"product_cat","embeddable":true,"href":"https:\/\/lea.oblasser.pages.hak-schwaz.at\/index.php?rest_route=%2Fwp%2Fv2%2Fproduct_cat&post=449"},{"taxonomy":"product_tag","embeddable":true,"href":"https:\/\/lea.oblasser.pages.hak-schwaz.at\/index.php?rest_route=%2Fwp%2Fv2%2Fproduct_tag&post=449"}],"curies":[{"name":"wp","href":"https:\/\/api.w.org\/{rel}","templated":true}]}}