{"id":445,"date":"2026-04-10T10:21:04","date_gmt":"2026-04-10T10:21:04","guid":{"rendered":"https:\/\/lea.oblasser.pages.hak-schwaz.at\/?post_type=product&#038;p=445"},"modified":"2026-04-10T10:21:05","modified_gmt":"2026-04-10T10:21:05","slug":"stufenbarrenleder-pro-grip","status":"publish","type":"product","link":"https:\/\/lea.oblasser.pages.hak-schwaz.at\/?product=stufenbarrenleder-pro-grip","title":{"rendered":"Stufenbarrenleder Pro Grip"},"content":{"rendered":"<p data-start=\"885\" data-end=\"1046\">Hochwertige Stufenbarrenleder f\u00fcr Training und Wettkampf. Sie sorgen f\u00fcr optimalen Halt an der Stange und sch\u00fctzen die H\u00e4nde zuverl\u00e4ssig vor Blasen und Rissen.<\/p>\n<p data-start=\"1051\" data-end=\"1216\">Das robuste Leder passt sich der Hand perfekt an und bietet ein sicheres Griffgef\u00fchl. Die verstellbaren Handgelenkriemen sorgen f\u00fcr einen festen und bequemen Sitz.<\/p>\n<p data-start=\"1221\" data-end=\"1242\"><strong data-start=\"1221\" data-end=\"1240\">Produktdetails:<\/strong><\/p>\n<ul data-start=\"1245\" data-end=\"1396\">\n<li data-section-id=\"1m3kjvc\" data-start=\"1245\" data-end=\"1281\">F\u00fcr Stufenbarren &amp; Reck geeignet<\/li>\n<li data-section-id=\"uojimq\" data-start=\"1284\" data-end=\"1315\">Robustes, langlebiges Leder<\/li>\n<li data-section-id=\"kitos5\" data-start=\"1318\" data-end=\"1346\">Mit Handgelenkverschluss<\/li>\n<li data-section-id=\"1cl9s4u\" data-start=\"1349\" data-end=\"1372\">Verbessert den Grip<\/li>\n<li data-section-id=\"aatuxp\" data-start=\"1375\" data-end=\"1396\">Sch\u00fctzt die H\u00e4nde<\/li>\n<\/ul>\n","protected":false},"excerpt":{"rendered":"<p>Stufenbarrenleder f\u00fcr sicheren Halt und optimalen Schutz beim Turnen.<\/p>\n","protected":false},"featured_media":448,"comment_status":"open","ping_status":"closed","template":"","meta":[],"product_brand":[],"product_cat":[23],"product_tag":[25,27,26,24],"class_list":{"0":"post-445","1":"product","2":"type-product","3":"status-publish","4":"has-post-thumbnail","6":"product_cat-uncategorized","7":"product_tag-grips","8":"product_tag-reck","9":"product_tag-stufenbarren","10":"product_tag-turnen","12":"first","13":"instock","14":"shipping-taxable","15":"purchasable","16":"product-type-simple"},"_links":{"self":[{"href":"https:\/\/lea.oblasser.pages.hak-schwaz.at\/index.php?rest_route=\/wp\/v2\/product\/445","targetHints":{"allow":["GET"]}}],"collection":[{"href":"https:\/\/lea.oblasser.pages.hak-schwaz.at\/index.php?rest_route=\/wp\/v2\/product"}],"about":[{"href":"https:\/\/lea.oblasser.pages.hak-schwaz.at\/index.php?rest_route=\/wp\/v2\/types\/product"}],"replies":[{"embeddable":true,"href":"https:\/\/lea.oblasser.pages.hak-schwaz.at\/index.php?rest_route=%2Fwp%2Fv2%2Fcomments&post=445"}],"wp:featuredmedia":[{"embeddable":true,"href":"https:\/\/lea.oblasser.pages.hak-schwaz.at\/index.php?rest_route=\/wp\/v2\/media\/448"}],"wp:attachment":[{"href":"https:\/\/lea.oblasser.pages.hak-schwaz.at\/index.php?rest_route=%2Fwp%2Fv2%2Fmedia&parent=445"}],"wp:term":[{"taxonomy":"product_brand","embeddable":true,"href":"https:\/\/lea.oblasser.pages.hak-schwaz.at\/index.php?rest_route=%2Fwp%2Fv2%2Fproduct_brand&post=445"},{"taxonomy":"product_cat","embeddable":true,"href":"https:\/\/lea.oblasser.pages.hak-schwaz.at\/index.php?rest_route=%2Fwp%2Fv2%2Fproduct_cat&post=445"},{"taxonomy":"product_tag","embeddable":true,"href":"https:\/\/lea.oblasser.pages.hak-schwaz.at\/index.php?rest_route=%2Fwp%2Fv2%2Fproduct_tag&post=445"}],"curies":[{"name":"wp","href":"https:\/\/api.w.org\/{rel}","templated":true}]}}