{"id":436,"date":"2026-03-27T11:52:50","date_gmt":"2026-03-27T11:52:50","guid":{"rendered":"https:\/\/lea.oblasser.pages.hak-schwaz.at\/?post_type=product&#038;p=436"},"modified":"2026-03-27T12:02:29","modified_gmt":"2026-03-27T12:02:29","slug":"turnanzug","status":"publish","type":"product","link":"https:\/\/lea.oblasser.pages.hak-schwaz.at\/?product=turnanzug","title":{"rendered":"Turnanzug"},"content":{"rendered":"<p>Turnanzug HELL BLAU<\/p>\n","protected":false},"excerpt":{"rendered":"<p>Dieser wundersch\u00f6ne hellblaue Turnanzug vereint Komfort und Stil. Der feine Glitzer sorgt f\u00fcr einen strahlenden Auftritt, w\u00e4hrend das elastische Material optimale Bewegungsfreiheit bietet. Perfekt f\u00fcr Training, Wettkampf oder besondere Auftritte \u2013 ein echter Hingucker f\u00fcr jede Turnerin.<\/p>\n","protected":false},"featured_media":437,"comment_status":"open","ping_status":"closed","template":"","meta":[],"product_brand":[],"product_cat":[23],"product_tag":[],"class_list":{"0":"post-436","1":"product","2":"type-product","3":"status-publish","4":"has-post-thumbnail","6":"product_cat-uncategorized","8":"first","9":"instock","10":"sale","11":"shipping-taxable","12":"purchasable","13":"product-type-simple"},"_links":{"self":[{"href":"https:\/\/lea.oblasser.pages.hak-schwaz.at\/index.php?rest_route=\/wp\/v2\/product\/436","targetHints":{"allow":["GET"]}}],"collection":[{"href":"https:\/\/lea.oblasser.pages.hak-schwaz.at\/index.php?rest_route=\/wp\/v2\/product"}],"about":[{"href":"https:\/\/lea.oblasser.pages.hak-schwaz.at\/index.php?rest_route=\/wp\/v2\/types\/product"}],"replies":[{"embeddable":true,"href":"https:\/\/lea.oblasser.pages.hak-schwaz.at\/index.php?rest_route=%2Fwp%2Fv2%2Fcomments&post=436"}],"wp:featuredmedia":[{"embeddable":true,"href":"https:\/\/lea.oblasser.pages.hak-schwaz.at\/index.php?rest_route=\/wp\/v2\/media\/437"}],"wp:attachment":[{"href":"https:\/\/lea.oblasser.pages.hak-schwaz.at\/index.php?rest_route=%2Fwp%2Fv2%2Fmedia&parent=436"}],"wp:term":[{"taxonomy":"product_brand","embeddable":true,"href":"https:\/\/lea.oblasser.pages.hak-schwaz.at\/index.php?rest_route=%2Fwp%2Fv2%2Fproduct_brand&post=436"},{"taxonomy":"product_cat","embeddable":true,"href":"https:\/\/lea.oblasser.pages.hak-schwaz.at\/index.php?rest_route=%2Fwp%2Fv2%2Fproduct_cat&post=436"},{"taxonomy":"product_tag","embeddable":true,"href":"https:\/\/lea.oblasser.pages.hak-schwaz.at\/index.php?rest_route=%2Fwp%2Fv2%2Fproduct_tag&post=436"}],"curies":[{"name":"wp","href":"https:\/\/api.w.org\/{rel}","templated":true}]}}