{"id":78,"date":"2026-01-16T11:38:19","date_gmt":"2026-01-16T11:38:19","guid":{"rendered":"https:\/\/lea.oblasser.pages.hak-schwaz.at\/?page_id=78"},"modified":"2026-03-11T16:04:40","modified_gmt":"2026-03-11T16:04:40","slug":"weitere-gerate","status":"publish","type":"page","link":"https:\/\/lea.oblasser.pages.hak-schwaz.at\/?page_id=78","title":{"rendered":"Weitere Ger\u00e4te"},"content":{"rendered":"\n<div class=\"wp-block-group has-global-padding is-layout-constrained wp-container-core-group-is-layout-1629ea14 wp-block-group-is-layout-constrained\">\n<h1 class=\"wp-block-heading\">Das Minitrampolin<\/h1>\n\n\n\n<p class=\"has-accent-6-background-color has-background\">Das Minitrampolin ist ein kleines Trampolin, das im Turnen f\u00fcr hohe Spr\u00fcnge und akrobatische Elemente verwendet wird. Die Turnerinnen und Turner nehmen Anlauf, springen auf das Trampolin und f\u00fchren in der Luft verschiedene \u00dcbungen aus, zum Beispiel Drehungen oder Salti. Anschlie\u00dfend landen sie sicher auf einer Matte.<br>Beim Minitrampolin sind vor allem eine gute K\u00f6rperspannung, Mut und eine kontrollierte Landung wichtig.<\/p>\n\n\n\n<h1 class=\"wp-block-heading\">Die Ringe<\/h1>\n\n\n\n<p class=\"has-accent-6-background-color has-background\">Die Ringe sind ein Turnger\u00e4t, das aus zwei frei h\u00e4ngenden Ringen besteht, die an langen Gurten von der Decke h\u00e4ngen. Die Turner halten sich an den Ringen fest und zeigen verschiedene Kraft- und Halte\u00fcbungen. Dazu geh\u00f6ren zum Beispiel St\u00fctz\u00fcbungen, Schw\u00fcnge oder statische Positionen.<br>Das Turnen an den Ringen erfordert besonders viel Kraft in den Armen, Schultern und im Oberk\u00f6rper.<\/p>\n\n\n\n<h1 class=\"wp-block-heading\">Das Pauschenpferd<\/h1>\n\n\n\n<p class=\"has-accent-6-background-color has-background\">Das Pauschenpferd ist ein Turnger\u00e4t mit zwei Griffen, den sogenannten Pauschen. Die Turner st\u00fctzen sich auf den Griffen ab und f\u00fchren kreisende Bewegungen mit den Beinen aus. W\u00e4hrend der \u00dcbung schwingen die Beine kontinuierlich um das Ger\u00e4t herum.<br>Beim Pauschenpferd sind eine gute K\u00f6rperspannung, Rhythmus und eine saubere Technik besonders wichtig.<\/p>\n<\/div>\n\n\n\n<figure class=\"wp-block-gallery has-nested-images columns-default is-cropped wp-block-gallery-1 is-layout-flex wp-block-gallery-is-layout-flex\">\n<figure class=\"wp-block-image size-large\"><img loading=\"lazy\" decoding=\"async\" width=\"500\" height=\"690\" data-id=\"419\" src=\"https:\/\/lea.oblasser.pages.hak-schwaz.at\/wp-content\/uploads\/2026\/03\/1424_500x690-1.jpg\" alt=\"\" class=\"wp-image-419\" srcset=\"https:\/\/lea.oblasser.pages.hak-schwaz.at\/wp-content\/uploads\/2026\/03\/1424_500x690-1.jpg 500w, https:\/\/lea.oblasser.pages.hak-schwaz.at\/wp-content\/uploads\/2026\/03\/1424_500x690-1-217x300.jpg 217w\" sizes=\"auto, (max-width: 500px) 100vw, 500px\" \/><\/figure>\n\n\n\n<figure class=\"wp-block-image size-large\"><img loading=\"lazy\" decoding=\"async\" width=\"500\" height=\"500\" data-id=\"418\" src=\"https:\/\/lea.oblasser.pages.hak-schwaz.at\/wp-content\/uploads\/2026\/03\/Herunterladen-1-1.jpg\" alt=\"\" class=\"wp-image-418\" srcset=\"https:\/\/lea.oblasser.pages.hak-schwaz.at\/wp-content\/uploads\/2026\/03\/Herunterladen-1-1.jpg 500w, https:\/\/lea.oblasser.pages.hak-schwaz.at\/wp-content\/uploads\/2026\/03\/Herunterladen-1-1-300x300.jpg 300w, https:\/\/lea.oblasser.pages.hak-schwaz.at\/wp-content\/uploads\/2026\/03\/Herunterladen-1-1-150x150.jpg 150w\" sizes=\"auto, (max-width: 500px) 100vw, 500px\" \/><\/figure>\n\n\n\n<figure class=\"wp-block-image size-large\"><img loading=\"lazy\" decoding=\"async\" width=\"1024\" height=\"576\" data-id=\"420\" src=\"https:\/\/lea.oblasser.pages.hak-schwaz.at\/wp-content\/uploads\/2026\/03\/maxresdefault-1-1-1024x576.jpg\" alt=\"\" class=\"wp-image-420\" srcset=\"https:\/\/lea.oblasser.pages.hak-schwaz.at\/wp-content\/uploads\/2026\/03\/maxresdefault-1-1-1024x576.jpg 1024w, https:\/\/lea.oblasser.pages.hak-schwaz.at\/wp-content\/uploads\/2026\/03\/maxresdefault-1-1-300x169.jpg 300w, https:\/\/lea.oblasser.pages.hak-schwaz.at\/wp-content\/uploads\/2026\/03\/maxresdefault-1-1-768x432.jpg 768w, https:\/\/lea.oblasser.pages.hak-schwaz.at\/wp-content\/uploads\/2026\/03\/maxresdefault-1-1.jpg 1280w\" sizes=\"auto, (max-width: 1024px) 100vw, 1024px\" \/><\/figure>\n<\/figure>\n\n\n\n<div class=\"wp-block-group alignfull has-background-color has-accent-5-background-color has-background is-layout-flow wp-block-group-is-layout-flow\" style=\"margin-top:0;margin-bottom:0;padding-top:var(--wp--preset--spacing--50);padding-right:var(--wp--preset--spacing--30);padding-bottom:var(--wp--preset--spacing--50);padding-left:var(--wp--preset--spacing--30)\">\n<div class=\"wp-block-group alignfull has-small-font-size is-content-justification-space-between is-nowrap is-layout-flex wp-container-core-group-is-layout-cc97c919 wp-block-group-is-layout-flex\">\n<div class=\"wp-block-group wp-container-content-9cfa9a5a is-vertical is-content-justification-center is-layout-flex wp-container-core-group-is-layout-b6c1f246 wp-block-group-is-layout-flex\">\n<p class=\"has-text-align-center has-base-color has-accent-5-background-color has-text-color has-background has-link-color has-small-font-size wp-elements-861e6de2017b9b537d9194c73e60e17c\"><a href=\"https:\/\/lea.oblasser.pages.hak-schwaz.at\/?page_id=59\" data-type=\"page\" data-id=\"59\">Impressum<\/a><\/p>\n<\/div>\n<\/div>\n<\/div>\n","protected":false},"excerpt":{"rendered":"<p>Das Minitrampolin Das Minitrampolin ist ein kleines Trampolin, das im Turnen f\u00fcr hohe Spr\u00fcnge und akrobatische Elemente verwendet wird. Die Turnerinnen und Turner nehmen Anlauf, springen auf das Trampolin und f\u00fchren in der Luft verschiedene \u00dcbungen aus, zum Beispiel Drehungen oder Salti. Anschlie\u00dfend landen sie sicher auf einer Matte.Beim Minitrampolin sind vor allem eine gute [&hellip;]<\/p>\n","protected":false},"author":1,"featured_media":0,"parent":53,"menu_order":0,"comment_status":"closed","ping_status":"closed","template":"home-2","meta":{"footnotes":""},"class_list":["post-78","page","type-page","status-publish","hentry"],"_links":{"self":[{"href":"https:\/\/lea.oblasser.pages.hak-schwaz.at\/index.php?rest_route=\/wp\/v2\/pages\/78","targetHints":{"allow":["GET"]}}],"collection":[{"href":"https:\/\/lea.oblasser.pages.hak-schwaz.at\/index.php?rest_route=\/wp\/v2\/pages"}],"about":[{"href":"https:\/\/lea.oblasser.pages.hak-schwaz.at\/index.php?rest_route=\/wp\/v2\/types\/page"}],"author":[{"embeddable":true,"href":"https:\/\/lea.oblasser.pages.hak-schwaz.at\/index.php?rest_route=\/wp\/v2\/users\/1"}],"replies":[{"embeddable":true,"href":"https:\/\/lea.oblasser.pages.hak-schwaz.at\/index.php?rest_route=%2Fwp%2Fv2%2Fcomments&post=78"}],"version-history":[{"count":6,"href":"https:\/\/lea.oblasser.pages.hak-schwaz.at\/index.php?rest_route=\/wp\/v2\/pages\/78\/revisions"}],"predecessor-version":[{"id":421,"href":"https:\/\/lea.oblasser.pages.hak-schwaz.at\/index.php?rest_route=\/wp\/v2\/pages\/78\/revisions\/421"}],"up":[{"embeddable":true,"href":"https:\/\/lea.oblasser.pages.hak-schwaz.at\/index.php?rest_route=\/wp\/v2\/pages\/53"}],"wp:attachment":[{"href":"https:\/\/lea.oblasser.pages.hak-schwaz.at\/index.php?rest_route=%2Fwp%2Fv2%2Fmedia&parent=78"}],"curies":[{"name":"wp","href":"https:\/\/api.w.org\/{rel}","templated":true}]}}