{"id":59,"date":"2026-01-16T11:32:24","date_gmt":"2026-01-16T11:32:24","guid":{"rendered":"https:\/\/lea.oblasser.pages.hak-schwaz.at\/?page_id=59"},"modified":"2026-03-10T07:53:59","modified_gmt":"2026-03-10T07:53:59","slug":"impressum","status":"publish","type":"page","link":"https:\/\/lea.oblasser.pages.hak-schwaz.at\/?page_id=59","title":{"rendered":"Impressum"},"content":{"rendered":"\n<div class=\"wp-block-group has-global-padding is-layout-constrained wp-container-core-group-is-layout-1629ea14 wp-block-group-is-layout-constrained\">\n<div style=\"max-width:900px;margin:auto;padding:40px;font-family:Arial,sans-serif;line-height:1.6;\">\n  \n<h1>Impressum<\/h1>\n\n<h2>Angaben gem\u00e4\u00df \u00a7 5 TMG<\/h2>\n<p>\nLea Oblasser<br>\nDr.-Walter-Waizer-Stra\u00dfe 26<br>\n6130 Schwaz<br>\n\u00d6sterreich\n<\/p>\n\n<h2>Kontakt<\/h2>\n<p>\nTelefon: +43 677 630 055 09<br>\nE-Mail: Lea.Oblasser@hak-schwaz.at\n<\/p>\n\n<h2>Verantwortlich f\u00fcr den Inhalt nach \u00a7 55 Abs. 2 RStV<\/h2>\n<p>\nLea Oblasser<br>\nDr.-Walter-Waizer-Stra\u00dfe 26<br>\n6130 Schwaz\n<\/p>\n\n<h2>Haftungsausschluss<\/h2>\n\n<h3>Haftung f\u00fcr Inhalte<\/h3>\n<p>\nDie Inhalte unserer Seiten wurden mit gr\u00f6\u00dfter Sorgfalt erstellt. F\u00fcr die Richtigkeit,\nVollst\u00e4ndigkeit und Aktualit\u00e4t der Inhalte k\u00f6nnen wir jedoch keine Gew\u00e4hr \u00fcbernehmen.\n<\/p>\n\n<h3>Haftung f\u00fcr Links<\/h3>\n<p>\nUnsere Website enth\u00e4lt Links zu externen Websites Dritter, auf deren Inhalte wir keinen\nEinfluss haben. Deshalb k\u00f6nnen wir f\u00fcr diese fremden Inhalte auch keine Gew\u00e4hr \u00fcbernehmen.\n<\/p>\n\n<h3>Urheberrecht<\/h3>\n<p>\nDie durch die Seitenbetreiber erstellten Inhalte und Werke auf diesen Seiten unterliegen\ndem Urheberrecht. Die Vervielf\u00e4ltigung, Bearbeitung und Verbreitung au\u00dferhalb der Grenzen\ndes Urheberrechtes bed\u00fcrfen der schriftlichen Zustimmung des jeweiligen Autors.\n<\/p>\n\n<\/div>\n<\/div>\n","protected":false},"excerpt":{"rendered":"<p>Impressum Angaben gem\u00e4\u00df \u00a7 5 TMG Lea Oblasser Dr.-Walter-Waizer-Stra\u00dfe 26 6130 Schwaz \u00d6sterreich Kontakt Telefon: +43 677 630 055 09 E-Mail: Lea.Oblasser@hak-schwaz.at Verantwortlich f\u00fcr den Inhalt nach \u00a7 55 Abs. 2 RStV Lea Oblasser Dr.-Walter-Waizer-Stra\u00dfe 26 6130 Schwaz Haftungsausschluss Haftung f\u00fcr Inhalte Die Inhalte unserer Seiten wurden mit gr\u00f6\u00dfter Sorgfalt erstellt. F\u00fcr die Richtigkeit, Vollst\u00e4ndigkeit [&hellip;]<\/p>\n","protected":false},"author":1,"featured_media":0,"parent":0,"menu_order":0,"comment_status":"closed","ping_status":"closed","template":"home-2","meta":{"footnotes":""},"class_list":["post-59","page","type-page","status-publish","hentry"],"_links":{"self":[{"href":"https:\/\/lea.oblasser.pages.hak-schwaz.at\/index.php?rest_route=\/wp\/v2\/pages\/59","targetHints":{"allow":["GET"]}}],"collection":[{"href":"https:\/\/lea.oblasser.pages.hak-schwaz.at\/index.php?rest_route=\/wp\/v2\/pages"}],"about":[{"href":"https:\/\/lea.oblasser.pages.hak-schwaz.at\/index.php?rest_route=\/wp\/v2\/types\/page"}],"author":[{"embeddable":true,"href":"https:\/\/lea.oblasser.pages.hak-schwaz.at\/index.php?rest_route=\/wp\/v2\/users\/1"}],"replies":[{"embeddable":true,"href":"https:\/\/lea.oblasser.pages.hak-schwaz.at\/index.php?rest_route=%2Fwp%2Fv2%2Fcomments&post=59"}],"version-history":[{"count":3,"href":"https:\/\/lea.oblasser.pages.hak-schwaz.at\/index.php?rest_route=\/wp\/v2\/pages\/59\/revisions"}],"predecessor-version":[{"id":340,"href":"https:\/\/lea.oblasser.pages.hak-schwaz.at\/index.php?rest_route=\/wp\/v2\/pages\/59\/revisions\/340"}],"wp:attachment":[{"href":"https:\/\/lea.oblasser.pages.hak-schwaz.at\/index.php?rest_route=%2Fwp%2Fv2%2Fmedia&parent=59"}],"curies":[{"name":"wp","href":"https:\/\/api.w.org\/{rel}","templated":true}]}}