{"id":49,"date":"2026-01-16T11:32:15","date_gmt":"2026-01-16T11:32:15","guid":{"rendered":"https:\/\/lea.oblasser.pages.hak-schwaz.at\/?page_id=49"},"modified":"2026-03-11T16:02:37","modified_gmt":"2026-03-11T16:02:37","slug":"home","status":"publish","type":"page","link":"https:\/\/lea.oblasser.pages.hak-schwaz.at\/","title":{"rendered":"Home"},"content":{"rendered":"\n<figure class=\"wp-block-image alignwide size-full has-custom-border\" style=\"margin-top:0;margin-right:0;margin-bottom:0;margin-left:0\"><img loading=\"lazy\" decoding=\"async\" width=\"2560\" height=\"1280\" src=\"https:\/\/lea.oblasser.pages.hak-schwaz.at\/wp-content\/uploads\/2026\/01\/female-gymnast-doing-complicated-trick-gymnastics-balance-beam-professional-arena-scaled.jpg\" alt=\"\" class=\"wp-image-152\" style=\"border-style:none;border-width:0px\" srcset=\"https:\/\/lea.oblasser.pages.hak-schwaz.at\/wp-content\/uploads\/2026\/01\/female-gymnast-doing-complicated-trick-gymnastics-balance-beam-professional-arena-scaled.jpg 2560w, https:\/\/lea.oblasser.pages.hak-schwaz.at\/wp-content\/uploads\/2026\/01\/female-gymnast-doing-complicated-trick-gymnastics-balance-beam-professional-arena-300x150.jpg 300w, https:\/\/lea.oblasser.pages.hak-schwaz.at\/wp-content\/uploads\/2026\/01\/female-gymnast-doing-complicated-trick-gymnastics-balance-beam-professional-arena-1024x512.jpg 1024w, https:\/\/lea.oblasser.pages.hak-schwaz.at\/wp-content\/uploads\/2026\/01\/female-gymnast-doing-complicated-trick-gymnastics-balance-beam-professional-arena-768x384.jpg 768w, https:\/\/lea.oblasser.pages.hak-schwaz.at\/wp-content\/uploads\/2026\/01\/female-gymnast-doing-complicated-trick-gymnastics-balance-beam-professional-arena-1536x768.jpg 1536w, https:\/\/lea.oblasser.pages.hak-schwaz.at\/wp-content\/uploads\/2026\/01\/female-gymnast-doing-complicated-trick-gymnastics-balance-beam-professional-arena-2048x1024.jpg 2048w\" sizes=\"auto, (max-width: 2560px) 100vw, 2560px\" \/><\/figure>\n\n\n\n<div class=\"wp-block-group alignfull is-style-section-5 has-accent-2-background-color has-background has-global-padding is-layout-constrained wp-container-core-group-is-layout-591ad62a wp-block-group-is-layout-constrained is-style-section-5--1\" style=\"margin-top:0;margin-bottom:0;padding-top:var(--wp--preset--spacing--50);padding-bottom:var(--wp--preset--spacing--50)\">\n<h2 class=\"wp-block-heading\" style=\"padding-top:0;padding-right:var(--wp--preset--spacing--50);padding-bottom:0;padding-left:var(--wp--preset--spacing--50)\">Herzlich willkommen auf meiner Turnsport-Seite!<\/h2>\n\n\n\n<p class=\"has-accent-2-background-color has-background\" style=\"margin-top:0;margin-right:0;margin-bottom:0;margin-left:0;padding-right:var(--wp--preset--spacing--50);padding-left:var(--wp--preset--spacing--50)\">Sch\u00f6n, dass du hier bist! Auf dieser Webseite m\u00f6chte ich dir einen Einblick in die vielseitige und spannende Welt des Turnens geben. Als aktives Vereinsmitglied wei\u00df ich aus eigener Erfahrung, wie viel Freude und Herausforderung dieser Sport mit sich bringt \u2013 und genau dieses Wissen m\u00f6chte ich mit dir teilen.<\/p>\n\n\n\n<p class=\"has-accent-2-background-color has-background\" style=\"margin-top:0;margin-bottom:0;padding-right:var(--wp--preset--spacing--50);padding-left:var(--wp--preset--spacing--50)\">Hier findest du Informationen zu den wichtigsten Turnger\u00e4ten, praktische Trainingstipps und alles, was du wissen musst, um selbst einmal in den Turnsport einzusteigen oder dein Wissen zu vertiefen. Egal, ob du Anf\u00e4nger*in bist oder schon Erfahrung hast, auf meiner Seite gibt es f\u00fcr jeden etwas zu entdecken.<\/p>\n\n\n\n<p class=\"has-accent-2-background-color has-background\" style=\"padding-right:var(--wp--preset--spacing--50);padding-left:var(--wp--preset--spacing--50)\">Schau dich um, lass dich inspirieren und vielleicht entdeckst auch du die Begeisterung f\u00fcrs Turnen!<\/p>\n\n\n\n<hr style=\"border:none;height:3px;background:#A7C7E7;width:100%;margin:40px auto;border-radius:10px;\">\n\n\n\n<h2 class=\"wp-block-heading\" style=\"padding-right:var(--wp--preset--spacing--50);padding-left:var(--wp--preset--spacing--50)\">Die Geschichte des Turnsports<\/h2>\n\n\n\n<p class=\"has-accent-2-background-color has-background\" style=\"padding-right:var(--wp--preset--spacing--50);padding-left:var(--wp--preset--spacing--50)\">Turnen hat eine lange Tradition und reicht bis in die Antike zur\u00fcck. Schon die Griechen nutzten \u00dcbungen an Ger\u00e4ten, um Kraft, Beweglichkeit und K\u00f6rperbeherrschung zu trainieren. Im 19. Jahrhundert entwickelte der Deutsche Friedrich Ludwig Jahn das moderne Ger\u00e4teturnen, das heute noch Grundlage vieler \u00dcbungen ist. Er gr\u00fcndete Turnvereine, um junge Menschen fit zu machen \u2013 damals war Turnen also nicht nur Sport, sondern auch ein Gemeinschaftserlebnis.<\/p>\n\n\n\n<p class=\"has-accent-2-background-color has-background\" style=\"padding-right:var(--wp--preset--spacing--50);padding-left:var(--wp--preset--spacing--50)\">Heute ist Turnen eine internationale Sportart mit Wettk\u00e4mpfen auf allen Ebenen, von lokalen Vereinen bis zu den Olympischen Spielen. Es vereint Kraft, Eleganz und Technik und bietet f\u00fcr jede Altersklasse etwas \u2013 egal, ob als Hobby oder Leistungssport.<\/p>\n<\/div>\n\n\n\n<div class=\"wp-block-group alignfull has-background-color has-accent-5-background-color has-background is-layout-flow wp-block-group-is-layout-flow\" style=\"margin-top:0;margin-bottom:0;padding-top:var(--wp--preset--spacing--50);padding-right:var(--wp--preset--spacing--30);padding-bottom:var(--wp--preset--spacing--50);padding-left:var(--wp--preset--spacing--30)\">\n<div class=\"wp-block-group alignfull has-small-font-size is-content-justification-space-between is-nowrap is-layout-flex wp-container-core-group-is-layout-cc97c919 wp-block-group-is-layout-flex\">\n<div class=\"wp-block-group wp-container-content-9cfa9a5a is-vertical is-content-justification-center is-layout-flex wp-container-core-group-is-layout-b6c1f246 wp-block-group-is-layout-flex\">\n<p class=\"has-text-align-center has-base-color has-accent-5-background-color has-text-color has-background has-link-color has-small-font-size wp-elements-861e6de2017b9b537d9194c73e60e17c\"><a href=\"https:\/\/lea.oblasser.pages.hak-schwaz.at\/?page_id=59\" data-type=\"page\" data-id=\"59\">Impressum<\/a><\/p>\n<\/div>\n<\/div>\n<\/div>\n","protected":false},"excerpt":{"rendered":"<p>Herzlich willkommen auf meiner Turnsport-Seite! Sch\u00f6n, dass du hier bist! Auf dieser Webseite m\u00f6chte ich dir einen Einblick in die vielseitige und spannende Welt des Turnens geben. Als aktives Vereinsmitglied wei\u00df ich aus eigener Erfahrung, wie viel Freude und Herausforderung dieser Sport mit sich bringt \u2013 und genau dieses Wissen m\u00f6chte ich mit dir teilen. [&hellip;]<\/p>\n","protected":false},"author":1,"featured_media":0,"parent":0,"menu_order":0,"comment_status":"closed","ping_status":"closed","template":"home-2","meta":{"footnotes":""},"class_list":["post-49","page","type-page","status-publish","hentry"],"_links":{"self":[{"href":"https:\/\/lea.oblasser.pages.hak-schwaz.at\/index.php?rest_route=\/wp\/v2\/pages\/49","targetHints":{"allow":["GET"]}}],"collection":[{"href":"https:\/\/lea.oblasser.pages.hak-schwaz.at\/index.php?rest_route=\/wp\/v2\/pages"}],"about":[{"href":"https:\/\/lea.oblasser.pages.hak-schwaz.at\/index.php?rest_route=\/wp\/v2\/types\/page"}],"author":[{"embeddable":true,"href":"https:\/\/lea.oblasser.pages.hak-schwaz.at\/index.php?rest_route=\/wp\/v2\/users\/1"}],"replies":[{"embeddable":true,"href":"https:\/\/lea.oblasser.pages.hak-schwaz.at\/index.php?rest_route=%2Fwp%2Fv2%2Fcomments&post=49"}],"version-history":[{"count":16,"href":"https:\/\/lea.oblasser.pages.hak-schwaz.at\/index.php?rest_route=\/wp\/v2\/pages\/49\/revisions"}],"predecessor-version":[{"id":413,"href":"https:\/\/lea.oblasser.pages.hak-schwaz.at\/index.php?rest_route=\/wp\/v2\/pages\/49\/revisions\/413"}],"wp:attachment":[{"href":"https:\/\/lea.oblasser.pages.hak-schwaz.at\/index.php?rest_route=%2Fwp%2Fv2%2Fmedia&parent=49"}],"curies":[{"name":"wp","href":"https:\/\/api.w.org\/{rel}","templated":true}]}}